{"id":234,"date":"2023-03-22T10:41:34","date_gmt":"2023-03-22T09:41:34","guid":{"rendered":"http:\/\/madebylenny.de\/?page_id=234"},"modified":"2023-08-22T16:57:51","modified_gmt":"2023-08-22T15:57:51","slug":"startseite","status":"publish","type":"page","link":"https:\/\/madebylenny.de\/en\/","title":{"rendered":"Home"},"content":{"rendered":"<div data-elementor-type=\"wp-page\" data-elementor-id=\"234\" class=\"elementor elementor-234\">\n\t\t\t\t<div class=\"elementor-element elementor-element-9dce402 e-flex e-con-boxed e-con e-parent\" data-id=\"9dce402\" data-element_type=\"container\" data-settings=\"{&quot;background_background&quot;:&quot;classic&quot;}\">\n\t\t\t\t\t<div class=\"e-con-inner\">\n\t\t\t\t<div class=\"elementor-element elementor-element-1c6e42b elementor-widget elementor-widget-heading\" data-id=\"1c6e42b\" data-element_type=\"widget\" data-widget_type=\"heading.default\">\n\t\t\t\t<div class=\"elementor-widget-container\">\n\t\t\t<style>\/*! elementor - v3.23.0 - 25-07-2024 *\/\n.elementor-heading-title{padding:0;margin:0;line-height:1}.elementor-widget-heading .elementor-heading-title[class*=elementor-size-]>a{color:inherit;font-size:inherit;line-height:inherit}.elementor-widget-heading .elementor-heading-title.elementor-size-small{font-size:15px}.elementor-widget-heading .elementor-heading-title.elementor-size-medium{font-size:19px}.elementor-widget-heading .elementor-heading-title.elementor-size-large{font-size:29px}.elementor-widget-heading .elementor-heading-title.elementor-size-xl{font-size:39px}.elementor-widget-heading .elementor-heading-title.elementor-size-xxl{font-size:59px}<\/style><h2 class=\"elementor-heading-title elementor-size-default\">Herzlich willkommen auf meinem Blog!<\/h2>\t\t<\/div>\n\t\t\t\t<\/div>\n\t\t\t\t\t<\/div>\n\t\t\t\t<\/div>\n\t\t<div class=\"elementor-element elementor-element-e1c65e5 e-flex e-con-boxed e-con e-parent\" data-id=\"e1c65e5\" data-element_type=\"container\">\n\t\t\t\t\t<div class=\"e-con-inner\">\n\t\t<div class=\"elementor-element elementor-element-a47d367 e-con-full e-flex e-con e-child\" data-id=\"a47d367\" data-element_type=\"container\">\n\t\t\t\t<div class=\"elementor-element elementor-element-35a7140 elementor-invisible elementor-widget elementor-widget-image\" data-id=\"35a7140\" data-element_type=\"widget\" data-settings=\"{&quot;_animation&quot;:&quot;fadeInLeft&quot;}\" data-widget_type=\"image.default\">\n\t\t\t\t<div class=\"elementor-widget-container\">\n\t\t\t<style>\/*! elementor - v3.23.0 - 25-07-2024 *\/\n.elementor-widget-image{text-align:center}.elementor-widget-image a{display:inline-block}.elementor-widget-image a img[src$=\".svg\"]{width:48px}.elementor-widget-image img{vertical-align:middle;display:inline-block}<\/style>\t\t\t\t\t\t\t\t\t\t<img fetchpriority=\"high\" decoding=\"async\" width=\"768\" height=\"1024\" src=\"data:image\/gif;base64,R0lGODlhAQABAIAAAAAAAP\/\/\/yH5BAEAAAAALAAAAAABAAEAAAIBRAA7\" data-src=\"https:\/\/madebylenny.de\/wp-content\/uploads\/2023\/03\/IMG_7662-768x1024.jpg\" class=\"attachment-large size-large wp-image-220 lazyload\" alt=\"\" data-srcset=\"https:\/\/madebylenny.de\/wp-content\/uploads\/2023\/03\/IMG_7662-768x1024.jpg 768w, https:\/\/madebylenny.de\/wp-content\/uploads\/2023\/03\/IMG_7662-225x300.jpg 225w, https:\/\/madebylenny.de\/wp-content\/uploads\/2023\/03\/IMG_7662-1152x1536.jpg 1152w, https:\/\/madebylenny.de\/wp-content\/uploads\/2023\/03\/IMG_7662-1536x2048.jpg 1536w, https:\/\/madebylenny.de\/wp-content\/uploads\/2023\/03\/IMG_7662-9x12.jpg 9w, https:\/\/madebylenny.de\/wp-content\/uploads\/2023\/03\/IMG_7662-scaled.jpg 1920w\" sizes=\"100vw\" \/><noscript><img decoding=\"async\" width=\"768\" height=\"1024\" src=\"https:\/\/madebylenny.de\/wp-content\/uploads\/2023\/03\/IMG_7662-768x1024.jpg\" class=\"attachment-large size-large wp-image-220 lazyload\" alt=\"\" srcset=\"https:\/\/madebylenny.de\/wp-content\/uploads\/2023\/03\/IMG_7662-768x1024.jpg 768w, https:\/\/madebylenny.de\/wp-content\/uploads\/2023\/03\/IMG_7662-225x300.jpg 225w, https:\/\/madebylenny.de\/wp-content\/uploads\/2023\/03\/IMG_7662-1152x1536.jpg 1152w, https:\/\/madebylenny.de\/wp-content\/uploads\/2023\/03\/IMG_7662-1536x2048.jpg 1536w, https:\/\/madebylenny.de\/wp-content\/uploads\/2023\/03\/IMG_7662-9x12.jpg 9w, https:\/\/madebylenny.de\/wp-content\/uploads\/2023\/03\/IMG_7662-scaled.jpg 1920w\" sizes=\"100vw\" \/><\/noscript>\t\t\t\t\t\t\t\t\t\t\t\t\t<\/div>\n\t\t\t\t<\/div>\n\t\t\t\t<\/div>\n\t\t<div class=\"elementor-element elementor-element-57190c2 e-con-full e-flex e-con e-child\" data-id=\"57190c2\" data-element_type=\"container\">\n\t\t\t\t<div class=\"elementor-element elementor-element-543d164 elementor-widget elementor-widget-text-editor\" data-id=\"543d164\" data-element_type=\"widget\" data-widget_type=\"text-editor.default\">\n\t\t\t\t<div class=\"elementor-widget-container\">\n\t\t\t<style>\/*! elementor - v3.23.0 - 25-07-2024 *\/\n.elementor-widget-text-editor.elementor-drop-cap-view-stacked .elementor-drop-cap{background-color:#69727d;color:#fff}.elementor-widget-text-editor.elementor-drop-cap-view-framed .elementor-drop-cap{color:#69727d;border:3px solid;background-color:transparent}.elementor-widget-text-editor:not(.elementor-drop-cap-view-default) .elementor-drop-cap{margin-top:8px}.elementor-widget-text-editor:not(.elementor-drop-cap-view-default) .elementor-drop-cap-letter{width:1em;height:1em}.elementor-widget-text-editor .elementor-drop-cap{float:left;text-align:center;line-height:1;font-size:50px}.elementor-widget-text-editor .elementor-drop-cap-letter{display:inline-block}<\/style>\t\t\t\t<p><strong>Herzlich willkommen auf meinem Blog!<\/strong><\/p><p>Mein Name ist Lenny, ich bin 27 Jahre alt und liebe es zu reisen. Man h\u00f6rt es ja inzwischen immer h\u00e4ufiger, dass Leute einfach ihre Jobs k\u00fcndigen, einen Backpack packen und die Welt bereisen. Tja, was soll ich sagen? Ich dachte mir: das kann ich auch! Also habe ich beschlossen, diesen Blog zu starten, um meine eigenen Erfahrungen auf Reisen mit Euch zu teilen. Begleitet mich hier durch verschiedene L\u00e4nder und entdeckt mit mir neue Kulturen, Abenteuer und Erlebnisse. Ich hoffe sehr, dass meine Geschichten und Fotos Euch inspirieren und vielleicht dabei helfen, Euer eigenes Abenteuer zu planen. Vielen Dank, dass Ihr hier seid und ich freue mich darauf, Euch auf meinen Reisen mitzunehmen!\u00a0<\/p>\t\t\t\t\t\t<\/div>\n\t\t\t\t<\/div>\n\t\t\t\t<div class=\"elementor-element elementor-element-19db93b elementor-align-center elementor-widget elementor-widget-button\" data-id=\"19db93b\" data-element_type=\"widget\" data-widget_type=\"button.default\">\n\t\t\t\t<div class=\"elementor-widget-container\">\n\t\t\t\t\t<div class=\"elementor-button-wrapper\">\n\t\t\t<a class=\"elementor-button elementor-button-link elementor-size-sm elementor-animation-pulse\" href=\"https:\/\/madebylenny.de\/en\/ueber-mich\/\">\n\t\t\t\t\t\t<span class=\"elementor-button-content-wrapper\">\n\t\t\t\t\t\t\t\t\t<span class=\"elementor-button-text\">\u00dcber Mich<\/span>\n\t\t\t\t\t<\/span>\n\t\t\t\t\t<\/a>\n\t\t<\/div>\n\t\t\t\t<\/div>\n\t\t\t\t<\/div>\n\t\t\t\t<\/div>\n\t\t\t\t\t<\/div>\n\t\t\t\t<\/div>\n\t\t<div class=\"elementor-element elementor-element-5428774 e-flex e-con-boxed elementor-invisible e-con e-parent\" data-id=\"5428774\" data-element_type=\"container\" data-settings=\"{&quot;animation&quot;:&quot;fadeIn&quot;}\">\n\t\t\t\t\t<div class=\"e-con-inner\">\n\t\t<div class=\"elementor-element elementor-element-823f041 e-con-full e-flex e-con e-child\" data-id=\"823f041\" data-element_type=\"container\">\n\t\t\t\t<div class=\"elementor-element elementor-element-e40bd3a elementor-widget elementor-widget-heading\" data-id=\"e40bd3a\" data-element_type=\"widget\" data-widget_type=\"heading.default\">\n\t\t\t\t<div class=\"elementor-widget-container\">\n\t\t\t<h2 class=\"elementor-heading-title elementor-size-default\">Das erwartet Euch<\/h2>\t\t<\/div>\n\t\t\t\t<\/div>\n\t\t\t\t<\/div>\n\t\t<div class=\"elementor-element elementor-element-b4da6e9 e-con-full e-flex e-con e-child\" data-id=\"b4da6e9\" data-element_type=\"container\">\n\t\t\t\t<div class=\"elementor-element elementor-element-71c2771 elementor-widget elementor-widget-text-editor\" data-id=\"71c2771\" data-element_type=\"widget\" data-widget_type=\"text-editor.default\">\n\t\t\t\t<div class=\"elementor-widget-container\">\n\t\t\t\t\t\t\t<p>In diesem Blog m\u00f6chte ich euch von meinen Erlebnissen erz\u00e4hlen und n\u00fctzliche Informationen zur Planung eurer eigenen Reise geben. Du findest hier auf dieser Seite aktuelle\u00a0<strong>Blogbeitr\u00e4ge<\/strong>\u00a0von verschiedenen Orten auf der Welt, <b>L\u00e4nderguides<\/b>\u00a0um einen guten \u00dcberblick zu bekommen und nat\u00fcrlich alles rund ums Thema <b>Reiseplanung<\/b>.\u00a0Ich bin gern Low-Budget unterwegs und m\u00f6chte euch zeigen, dass auch ihr mit begrenztem Budget reisen k\u00f6nnt, ohne dabei auf Annehmlichkeiten zu verzichten. Von Beginn an mit der Flugsuche, bis hin zu g\u00fcnstigen Unterk\u00fcnften und Aktivit\u00e4ten. Lasst uns zusammen die Welt entdecken, ohne dabei das Bankkonto zu sprengen.<\/p>\t\t\t\t\t\t<\/div>\n\t\t\t\t<\/div>\n\t\t\t\t<div class=\"elementor-element elementor-element-3f4dfe4 elementor-widget-divider--view-line elementor-widget elementor-widget-divider\" data-id=\"3f4dfe4\" data-element_type=\"widget\" data-widget_type=\"divider.default\">\n\t\t\t\t<div class=\"elementor-widget-container\">\n\t\t\t<style>\/*! elementor - v3.23.0 - 25-07-2024 *\/\n.elementor-widget-divider{--divider-border-style:none;--divider-border-width:1px;--divider-color:#0c0d0e;--divider-icon-size:20px;--divider-element-spacing:10px;--divider-pattern-height:24px;--divider-pattern-size:20px;--divider-pattern-url:none;--divider-pattern-repeat:repeat-x}.elementor-widget-divider .elementor-divider{display:flex}.elementor-widget-divider .elementor-divider__text{font-size:15px;line-height:1;max-width:95%}.elementor-widget-divider .elementor-divider__element{margin:0 var(--divider-element-spacing);flex-shrink:0}.elementor-widget-divider .elementor-icon{font-size:var(--divider-icon-size)}.elementor-widget-divider .elementor-divider-separator{display:flex;margin:0;direction:ltr}.elementor-widget-divider--view-line_icon .elementor-divider-separator,.elementor-widget-divider--view-line_text .elementor-divider-separator{align-items:center}.elementor-widget-divider--view-line_icon .elementor-divider-separator:after,.elementor-widget-divider--view-line_icon .elementor-divider-separator:before,.elementor-widget-divider--view-line_text .elementor-divider-separator:after,.elementor-widget-divider--view-line_text .elementor-divider-separator:before{display:block;content:\"\";border-block-end:0;flex-grow:1;border-block-start:var(--divider-border-width) var(--divider-border-style) var(--divider-color)}.elementor-widget-divider--element-align-left .elementor-divider .elementor-divider-separator>.elementor-divider__svg:first-of-type{flex-grow:0;flex-shrink:100}.elementor-widget-divider--element-align-left .elementor-divider-separator:before{content:none}.elementor-widget-divider--element-align-left .elementor-divider__element{margin-left:0}.elementor-widget-divider--element-align-right .elementor-divider .elementor-divider-separator>.elementor-divider__svg:last-of-type{flex-grow:0;flex-shrink:100}.elementor-widget-divider--element-align-right .elementor-divider-separator:after{content:none}.elementor-widget-divider--element-align-right .elementor-divider__element{margin-right:0}.elementor-widget-divider--element-align-start .elementor-divider .elementor-divider-separator>.elementor-divider__svg:first-of-type{flex-grow:0;flex-shrink:100}.elementor-widget-divider--element-align-start .elementor-divider-separator:before{content:none}.elementor-widget-divider--element-align-start .elementor-divider__element{margin-inline-start:0}.elementor-widget-divider--element-align-end .elementor-divider .elementor-divider-separator>.elementor-divider__svg:last-of-type{flex-grow:0;flex-shrink:100}.elementor-widget-divider--element-align-end .elementor-divider-separator:after{content:none}.elementor-widget-divider--element-align-end .elementor-divider__element{margin-inline-end:0}.elementor-widget-divider:not(.elementor-widget-divider--view-line_text):not(.elementor-widget-divider--view-line_icon) .elementor-divider-separator{border-block-start:var(--divider-border-width) var(--divider-border-style) var(--divider-color)}.elementor-widget-divider--separator-type-pattern{--divider-border-style:none}.elementor-widget-divider--separator-type-pattern.elementor-widget-divider--view-line .elementor-divider-separator,.elementor-widget-divider--separator-type-pattern:not(.elementor-widget-divider--view-line) .elementor-divider-separator:after,.elementor-widget-divider--separator-type-pattern:not(.elementor-widget-divider--view-line) .elementor-divider-separator:before,.elementor-widget-divider--separator-type-pattern:not([class*=elementor-widget-divider--view]) .elementor-divider-separator{width:100%;min-height:var(--divider-pattern-height);-webkit-mask-size:var(--divider-pattern-size) 100%;mask-size:var(--divider-pattern-size) 100%;-webkit-mask-repeat:var(--divider-pattern-repeat);mask-repeat:var(--divider-pattern-repeat);background-color:var(--divider-color);-webkit-mask-image:var(--divider-pattern-url);mask-image:var(--divider-pattern-url)}.elementor-widget-divider--no-spacing{--divider-pattern-size:auto}.elementor-widget-divider--bg-round{--divider-pattern-repeat:round}.rtl .elementor-widget-divider .elementor-divider__text{direction:rtl}.e-con-inner>.elementor-widget-divider,.e-con>.elementor-widget-divider{width:var(--container-widget-width,100%);--flex-grow:var(--container-widget-flex-grow)}<\/style>\t\t<div class=\"elementor-divider\">\n\t\t\t<span class=\"elementor-divider-separator\">\n\t\t\t\t\t\t<\/span>\n\t\t<\/div>\n\t\t\t\t<\/div>\n\t\t\t\t<\/div>\n\t\t\t\t<\/div>\n\t\t\t\t\t<\/div>\n\t\t\t\t<\/div>\n\t\t<div class=\"elementor-element elementor-element-ce3919f e-con-full e-flex e-con e-parent\" data-id=\"ce3919f\" data-element_type=\"container\">\n\t\t<div class=\"elementor-element elementor-element-e23ecf3 e-con-full e-flex e-con e-child\" data-id=\"e23ecf3\" data-element_type=\"container\">\n\t\t\t\t<div class=\"elementor-element elementor-element-22c3e6c elementor-widget__width-initial elementor-widget elementor-widget-image\" data-id=\"22c3e6c\" data-element_type=\"widget\" data-widget_type=\"image.default\">\n\t\t\t\t<div class=\"elementor-widget-container\">\n\t\t\t\t\t\t\t\t\t\t\t\t\t<img decoding=\"async\" width=\"2560\" height=\"1707\" src=\"data:image\/gif;base64,R0lGODlhAQABAIAAAAAAAP\/\/\/yH5BAEAAAAALAAAAAABAAEAAAIBRAA7\" data-src=\"https:\/\/madebylenny.de\/wp-content\/uploads\/2023\/03\/ORG_DSC06597-scaled.jpg\" class=\"elementor-animation-pulse-grow attachment-full size-full wp-image-417 lazyload\" alt=\"\" data-srcset=\"https:\/\/madebylenny.de\/wp-content\/uploads\/2023\/03\/ORG_DSC06597-scaled.jpg 2560w, https:\/\/madebylenny.de\/wp-content\/uploads\/2023\/03\/ORG_DSC06597-300x200.jpg 300w, https:\/\/madebylenny.de\/wp-content\/uploads\/2023\/03\/ORG_DSC06597-1024x683.jpg 1024w, https:\/\/madebylenny.de\/wp-content\/uploads\/2023\/03\/ORG_DSC06597-768x512.jpg 768w, https:\/\/madebylenny.de\/wp-content\/uploads\/2023\/03\/ORG_DSC06597-1536x1024.jpg 1536w, https:\/\/madebylenny.de\/wp-content\/uploads\/2023\/03\/ORG_DSC06597-2048x1365.jpg 2048w, https:\/\/madebylenny.de\/wp-content\/uploads\/2023\/03\/ORG_DSC06597-18x12.jpg 18w, https:\/\/madebylenny.de\/wp-content\/uploads\/2023\/03\/ORG_DSC06597-2000x1333.jpg 2000w\" sizes=\"100vw\" \/><noscript><img loading=\"lazy\" decoding=\"async\" width=\"2560\" height=\"1707\" src=\"https:\/\/madebylenny.de\/wp-content\/uploads\/2023\/03\/ORG_DSC06597-scaled.jpg\" class=\"elementor-animation-pulse-grow attachment-full size-full wp-image-417 lazyload\" alt=\"\" srcset=\"https:\/\/madebylenny.de\/wp-content\/uploads\/2023\/03\/ORG_DSC06597-scaled.jpg 2560w, https:\/\/madebylenny.de\/wp-content\/uploads\/2023\/03\/ORG_DSC06597-300x200.jpg 300w, https:\/\/madebylenny.de\/wp-content\/uploads\/2023\/03\/ORG_DSC06597-1024x683.jpg 1024w, https:\/\/madebylenny.de\/wp-content\/uploads\/2023\/03\/ORG_DSC06597-768x512.jpg 768w, https:\/\/madebylenny.de\/wp-content\/uploads\/2023\/03\/ORG_DSC06597-1536x1024.jpg 1536w, https:\/\/madebylenny.de\/wp-content\/uploads\/2023\/03\/ORG_DSC06597-2048x1365.jpg 2048w, https:\/\/madebylenny.de\/wp-content\/uploads\/2023\/03\/ORG_DSC06597-18x12.jpg 18w, https:\/\/madebylenny.de\/wp-content\/uploads\/2023\/03\/ORG_DSC06597-2000x1333.jpg 2000w\" sizes=\"100vw\" \/><\/noscript>\t\t\t\t\t\t\t\t\t\t\t\t\t<\/div>\n\t\t\t\t<\/div>\n\t\t\t\t<div class=\"elementor-element elementor-element-e6eaf0a elementor-align-center elementor-widget elementor-widget-button\" data-id=\"e6eaf0a\" data-element_type=\"widget\" data-widget_type=\"button.default\">\n\t\t\t\t<div class=\"elementor-widget-container\">\n\t\t\t\t\t<div class=\"elementor-button-wrapper\">\n\t\t\t<a class=\"elementor-button elementor-button-link elementor-size-sm elementor-animation-pulse-grow\" href=\"https:\/\/madebylenny.de\/en\/laenderguides\/\">\n\t\t\t\t\t\t<span class=\"elementor-button-content-wrapper\">\n\t\t\t\t\t\t\t\t\t<span class=\"elementor-button-text\">L\u00e4nderguides<\/span>\n\t\t\t\t\t<\/span>\n\t\t\t\t\t<\/a>\n\t\t<\/div>\n\t\t\t\t<\/div>\n\t\t\t\t<\/div>\n\t\t\t\t<\/div>\n\t\t<div class=\"elementor-element elementor-element-30667a3 e-con-full e-flex e-con e-child\" data-id=\"30667a3\" data-element_type=\"container\">\n\t\t\t\t<div class=\"elementor-element elementor-element-c2cfdf1 elementor-widget__width-initial elementor-widget elementor-widget-image\" data-id=\"c2cfdf1\" data-element_type=\"widget\" data-widget_type=\"image.default\">\n\t\t\t\t<div class=\"elementor-widget-container\">\n\t\t\t\t\t\t\t\t\t\t\t\t\t<img loading=\"lazy\" decoding=\"async\" width=\"950\" height=\"713\" src=\"data:image\/gif;base64,R0lGODlhAQABAIAAAAAAAP\/\/\/yH5BAEAAAAALAAAAAABAAEAAAIBRAA7\" data-src=\"https:\/\/madebylenny.de\/wp-content\/uploads\/2023\/03\/image0-1-1024x768.jpeg\" class=\"elementor-animation-pulse-grow attachment-large size-large wp-image-443 lazyload\" alt=\"\" data-srcset=\"https:\/\/madebylenny.de\/wp-content\/uploads\/2023\/03\/image0-1-1024x768.jpeg 1024w, https:\/\/madebylenny.de\/wp-content\/uploads\/2023\/03\/image0-1-300x225.jpeg 300w, https:\/\/madebylenny.de\/wp-content\/uploads\/2023\/03\/image0-1-768x576.jpeg 768w, https:\/\/madebylenny.de\/wp-content\/uploads\/2023\/03\/image0-1-1536x1152.jpeg 1536w, https:\/\/madebylenny.de\/wp-content\/uploads\/2023\/03\/image0-1-2048x1536.jpeg 2048w, https:\/\/madebylenny.de\/wp-content\/uploads\/2023\/03\/image0-1-16x12.jpeg 16w, https:\/\/madebylenny.de\/wp-content\/uploads\/2023\/03\/image0-1-2000x1500.jpeg 2000w\" sizes=\"100vw\" \/><noscript><img loading=\"lazy\" decoding=\"async\" width=\"950\" height=\"713\" src=\"https:\/\/madebylenny.de\/wp-content\/uploads\/2023\/03\/image0-1-1024x768.jpeg\" class=\"elementor-animation-pulse-grow attachment-large size-large wp-image-443 lazyload\" alt=\"\" srcset=\"https:\/\/madebylenny.de\/wp-content\/uploads\/2023\/03\/image0-1-1024x768.jpeg 1024w, https:\/\/madebylenny.de\/wp-content\/uploads\/2023\/03\/image0-1-300x225.jpeg 300w, https:\/\/madebylenny.de\/wp-content\/uploads\/2023\/03\/image0-1-768x576.jpeg 768w, https:\/\/madebylenny.de\/wp-content\/uploads\/2023\/03\/image0-1-1536x1152.jpeg 1536w, https:\/\/madebylenny.de\/wp-content\/uploads\/2023\/03\/image0-1-2048x1536.jpeg 2048w, https:\/\/madebylenny.de\/wp-content\/uploads\/2023\/03\/image0-1-16x12.jpeg 16w, https:\/\/madebylenny.de\/wp-content\/uploads\/2023\/03\/image0-1-2000x1500.jpeg 2000w\" sizes=\"100vw\" \/><\/noscript>\t\t\t\t\t\t\t\t\t\t\t\t\t<\/div>\n\t\t\t\t<\/div>\n\t\t\t\t<div class=\"elementor-element elementor-element-eded68a elementor-align-center elementor-widget elementor-widget-button\" data-id=\"eded68a\" data-element_type=\"widget\" data-widget_type=\"button.default\">\n\t\t\t\t<div class=\"elementor-widget-container\">\n\t\t\t\t\t<div class=\"elementor-button-wrapper\">\n\t\t\t<a class=\"elementor-button elementor-button-link elementor-size-sm elementor-animation-pulse-grow\" href=\"https:\/\/madebylenny.de\/en\/blog\/\">\n\t\t\t\t\t\t<span class=\"elementor-button-content-wrapper\">\n\t\t\t\t\t\t\t\t\t<span class=\"elementor-button-text\">Reiseblog<\/span>\n\t\t\t\t\t<\/span>\n\t\t\t\t\t<\/a>\n\t\t<\/div>\n\t\t\t\t<\/div>\n\t\t\t\t<\/div>\n\t\t\t\t<\/div>\n\t\t<div class=\"elementor-element elementor-element-7b373f5 e-con-full e-flex e-con e-child\" data-id=\"7b373f5\" data-element_type=\"container\">\n\t\t\t\t<div class=\"elementor-element elementor-element-69e68b8 elementor-widget__width-initial elementor-widget elementor-widget-image\" data-id=\"69e68b8\" data-element_type=\"widget\" data-widget_type=\"image.default\">\n\t\t\t\t<div class=\"elementor-widget-container\">\n\t\t\t\t\t\t\t\t\t\t\t\t\t<img loading=\"lazy\" decoding=\"async\" width=\"2560\" height=\"1707\" src=\"data:image\/gif;base64,R0lGODlhAQABAIAAAAAAAP\/\/\/yH5BAEAAAAALAAAAAABAAEAAAIBRAA7\" data-src=\"https:\/\/madebylenny.de\/wp-content\/uploads\/2023\/03\/ORG_DSC00468-scaled.jpg\" class=\"elementor-animation-pulse-grow attachment-full size-full wp-image-415 lazyload\" alt=\"\" data-srcset=\"https:\/\/madebylenny.de\/wp-content\/uploads\/2023\/03\/ORG_DSC00468-scaled.jpg 2560w, https:\/\/madebylenny.de\/wp-content\/uploads\/2023\/03\/ORG_DSC00468-300x200.jpg 300w, https:\/\/madebylenny.de\/wp-content\/uploads\/2023\/03\/ORG_DSC00468-1024x683.jpg 1024w, https:\/\/madebylenny.de\/wp-content\/uploads\/2023\/03\/ORG_DSC00468-768x512.jpg 768w, https:\/\/madebylenny.de\/wp-content\/uploads\/2023\/03\/ORG_DSC00468-1536x1024.jpg 1536w, https:\/\/madebylenny.de\/wp-content\/uploads\/2023\/03\/ORG_DSC00468-2048x1365.jpg 2048w, https:\/\/madebylenny.de\/wp-content\/uploads\/2023\/03\/ORG_DSC00468-18x12.jpg 18w, https:\/\/madebylenny.de\/wp-content\/uploads\/2023\/03\/ORG_DSC00468-2000x1333.jpg 2000w\" sizes=\"100vw\" \/><noscript><img loading=\"lazy\" decoding=\"async\" width=\"2560\" height=\"1707\" src=\"https:\/\/madebylenny.de\/wp-content\/uploads\/2023\/03\/ORG_DSC00468-scaled.jpg\" class=\"elementor-animation-pulse-grow attachment-full size-full wp-image-415 lazyload\" alt=\"\" srcset=\"https:\/\/madebylenny.de\/wp-content\/uploads\/2023\/03\/ORG_DSC00468-scaled.jpg 2560w, https:\/\/madebylenny.de\/wp-content\/uploads\/2023\/03\/ORG_DSC00468-300x200.jpg 300w, https:\/\/madebylenny.de\/wp-content\/uploads\/2023\/03\/ORG_DSC00468-1024x683.jpg 1024w, https:\/\/madebylenny.de\/wp-content\/uploads\/2023\/03\/ORG_DSC00468-768x512.jpg 768w, https:\/\/madebylenny.de\/wp-content\/uploads\/2023\/03\/ORG_DSC00468-1536x1024.jpg 1536w, https:\/\/madebylenny.de\/wp-content\/uploads\/2023\/03\/ORG_DSC00468-2048x1365.jpg 2048w, https:\/\/madebylenny.de\/wp-content\/uploads\/2023\/03\/ORG_DSC00468-18x12.jpg 18w, https:\/\/madebylenny.de\/wp-content\/uploads\/2023\/03\/ORG_DSC00468-2000x1333.jpg 2000w\" sizes=\"100vw\" \/><\/noscript>\t\t\t\t\t\t\t\t\t\t\t\t\t<\/div>\n\t\t\t\t<\/div>\n\t\t\t\t<div class=\"elementor-element elementor-element-38a4e88 elementor-align-center elementor-widget elementor-widget-button\" data-id=\"38a4e88\" data-element_type=\"widget\" data-widget_type=\"button.default\">\n\t\t\t\t<div class=\"elementor-widget-container\">\n\t\t\t\t\t<div class=\"elementor-button-wrapper\">\n\t\t\t<a class=\"elementor-button elementor-button-link elementor-size-sm elementor-animation-pulse-grow\" href=\"https:\/\/madebylenny.de\/en\/reiseplanung\/\">\n\t\t\t\t\t\t<span class=\"elementor-button-content-wrapper\">\n\t\t\t\t\t\t\t\t\t<span class=\"elementor-button-text\">Reiseplanung<\/span>\n\t\t\t\t\t<\/span>\n\t\t\t\t\t<\/a>\n\t\t<\/div>\n\t\t\t\t<\/div>\n\t\t\t\t<\/div>\n\t\t\t\t<\/div>\n\t\t\t\t<\/div>\n\t\t\t\t<\/div>","protected":false},"excerpt":{"rendered":"<p>Herzlich willkommen auf meinem Blog! Herzlich willkommen auf meinem Blog! Mein Name ist Lenny, ich bin 27 Jahre alt und liebe es zu reisen. Man h\u00f6rt es ja inzwischen immer h\u00e4ufiger, dass Leute einfach ihre Jobs k\u00fcndigen, einen Backpack packen und die Welt bereisen. Tja, was soll ich sagen? Ich dachte mir: das kann ich &hellip; <\/p>\n<p class=\"link-more\"><a href=\"https:\/\/madebylenny.de\/en\/\" class=\"more-link\">Read more<span class=\"screen-reader-text\"> &#8222;Home&#8220;<\/span><\/a><\/p>","protected":false},"author":1,"featured_media":0,"parent":0,"menu_order":0,"comment_status":"closed","ping_status":"closed","template":"elementor_header_footer","meta":{"_monsterinsights_skip_tracking":false,"_monsterinsights_sitenote_active":false,"_monsterinsights_sitenote_note":"","_monsterinsights_sitenote_category":0,"_themeisle_gutenberg_block_has_review":false,"footnotes":""},"class_list":["post-234","page","type-page","status-publish","hentry"],"aioseo_notices":[],"_links":{"self":[{"href":"https:\/\/madebylenny.de\/en\/wp-json\/wp\/v2\/pages\/234","targetHints":{"allow":["GET"]}}],"collection":[{"href":"https:\/\/madebylenny.de\/en\/wp-json\/wp\/v2\/pages"}],"about":[{"href":"https:\/\/madebylenny.de\/en\/wp-json\/wp\/v2\/types\/page"}],"author":[{"embeddable":true,"href":"https:\/\/madebylenny.de\/en\/wp-json\/wp\/v2\/users\/1"}],"replies":[{"embeddable":true,"href":"https:\/\/madebylenny.de\/en\/wp-json\/wp\/v2\/comments?post=234"}],"version-history":[{"count":75,"href":"https:\/\/madebylenny.de\/en\/wp-json\/wp\/v2\/pages\/234\/revisions"}],"predecessor-version":[{"id":2000,"href":"https:\/\/madebylenny.de\/en\/wp-json\/wp\/v2\/pages\/234\/revisions\/2000"}],"wp:attachment":[{"href":"https:\/\/madebylenny.de\/en\/wp-json\/wp\/v2\/media?parent=234"}],"curies":[{"name":"wp","href":"https:\/\/api.w.org\/{rel}","templated":true}]}}