{"id":1685,"date":"2023-06-29T08:08:38","date_gmt":"2023-06-29T07:08:38","guid":{"rendered":"https:\/\/madebylenny.de\/?page_id=1685"},"modified":"2023-08-22T13:36:51","modified_gmt":"2023-08-22T12:36:51","slug":"reiseplanung","status":"publish","type":"page","link":"https:\/\/madebylenny.de\/en\/reiseplanung\/","title":{"rendered":"Reiseplanung"},"content":{"rendered":"<div data-elementor-type=\"wp-page\" data-elementor-id=\"1685\" class=\"elementor elementor-1685\">\n\t\t\t\t\t\t<section class=\"elementor-section elementor-top-section elementor-element elementor-element-7cb47664 elementor-section-full_width elementor-section-height-default elementor-section-height-default elementor-invisible\" data-id=\"7cb47664\" data-element_type=\"section\" data-settings=\"{&quot;background_background&quot;:&quot;classic&quot;,&quot;animation&quot;:&quot;fadeIn&quot;}\">\n\t\t\t\t\t\t\t<div class=\"elementor-background-overlay\"><\/div>\n\t\t\t\t\t\t\t<div class=\"elementor-container elementor-column-gap-default\">\n\t\t\t\t\t<div class=\"elementor-column elementor-col-100 elementor-top-column elementor-element elementor-element-3c46b5b8\" data-id=\"3c46b5b8\" data-element_type=\"column\">\n\t\t\t<div class=\"elementor-widget-wrap elementor-element-populated\">\n\t\t\t\t\t\t<div class=\"elementor-element elementor-element-6678de06 elementor-widget__width-initial elementor-invisible elementor-widget elementor-widget-heading\" data-id=\"6678de06\" data-element_type=\"widget\" data-settings=\"{&quot;_animation&quot;:&quot;fadeInUp&quot;,&quot;_animation_delay&quot;:400}\" data-widget_type=\"heading.default\">\n\t\t\t\t<div class=\"elementor-widget-container\">\n\t\t\t<style>\/*! elementor - v3.23.0 - 25-07-2024 *\/\n.elementor-heading-title{padding:0;margin:0;line-height:1}.elementor-widget-heading .elementor-heading-title[class*=elementor-size-]>a{color:inherit;font-size:inherit;line-height:inherit}.elementor-widget-heading .elementor-heading-title.elementor-size-small{font-size:15px}.elementor-widget-heading .elementor-heading-title.elementor-size-medium{font-size:19px}.elementor-widget-heading .elementor-heading-title.elementor-size-large{font-size:29px}.elementor-widget-heading .elementor-heading-title.elementor-size-xl{font-size:39px}.elementor-widget-heading .elementor-heading-title.elementor-size-xxl{font-size:59px}<\/style><h1 class=\"elementor-heading-title elementor-size-default\">Wie plane ich <br>meine Reise?<\/h1>\t\t<\/div>\n\t\t\t\t<\/div>\n\t\t\t\t\t<\/div>\n\t\t<\/div>\n\t\t\t\t\t<\/div>\n\t\t<\/section>\n\t\t<div class=\"elementor-element elementor-element-fa79d8d e-flex e-con-boxed e-con e-parent\" data-id=\"fa79d8d\" data-element_type=\"container\">\n\t\t\t\t\t<div class=\"e-con-inner\">\n\t\t\t\t<div class=\"elementor-element elementor-element-2aba87c elementor-widget elementor-widget-heading\" data-id=\"2aba87c\" data-element_type=\"widget\" data-widget_type=\"heading.default\">\n\t\t\t\t<div class=\"elementor-widget-container\">\n\t\t\t<h2 class=\"elementor-heading-title elementor-size-default\">Wie plane ich meine Reise?<\/h2>\t\t<\/div>\n\t\t\t\t<\/div>\n\t\t\t\t<div class=\"elementor-element elementor-element-203b6cb elementor-widget elementor-widget-text-editor\" data-id=\"203b6cb\" data-element_type=\"widget\" data-widget_type=\"text-editor.default\">\n\t\t\t\t<div class=\"elementor-widget-container\">\n\t\t\t<style>\/*! elementor - v3.23.0 - 25-07-2024 *\/\n.elementor-widget-text-editor.elementor-drop-cap-view-stacked .elementor-drop-cap{background-color:#69727d;color:#fff}.elementor-widget-text-editor.elementor-drop-cap-view-framed .elementor-drop-cap{color:#69727d;border:3px solid;background-color:transparent}.elementor-widget-text-editor:not(.elementor-drop-cap-view-default) .elementor-drop-cap{margin-top:8px}.elementor-widget-text-editor:not(.elementor-drop-cap-view-default) .elementor-drop-cap-letter{width:1em;height:1em}.elementor-widget-text-editor .elementor-drop-cap{float:left;text-align:center;line-height:1;font-size:50px}.elementor-widget-text-editor .elementor-drop-cap-letter{display:inline-block}<\/style>\t\t\t\t<div class=\"elementor-element elementor-element-e256848 elementor-widget elementor-widget-text-editor\" data-id=\"e256848\" data-element_type=\"widget\" data-widget_type=\"text-editor.default\"><div class=\"elementor-widget-container\"><div class=\"elementor-text-editor elementor-clearfix\"><p>Es ist egal ob du gleich eine ganze Weltreise, oder nur wenige Wochen im Ausland planst. Du hast dir bei deiner Planung sicher schon ein paar Fragen gestellt:\u00a0<\/p><ul><li>Was soll meine Reise kosten und wie ermittle ich mein <b>Budget<\/b>?<\/li><li>Welche <b>Dokumente<\/b> brauche ich?<\/li><li>Ist eine <b>Auslandskrankenversicherung<\/b>\u00a0sinnvoll?<\/li><li>Brauche ich eine Reiseschutz<b>impfung<\/b>?<\/li><li>Was sollte alles auf meiner <b>Packliste<\/b> stehen?<\/li><li>Gibt es n\u00fctzliche <b>Apps<\/b> die mir das Reisen erleichtern?<\/li><\/ul><\/div><\/div><\/div>\t\t\t\t\t\t<\/div>\n\t\t\t\t<\/div>\n\t\t\t\t\t<\/div>\n\t\t\t\t<\/div>\n\t\t<div class=\"elementor-element elementor-element-cfaa768 e-con-full e-flex e-con e-parent\" data-id=\"cfaa768\" data-element_type=\"container\">\n\t\t<div class=\"elementor-element elementor-element-499ddce e-con-full e-flex e-con e-parent\" data-id=\"499ddce\" data-element_type=\"container\">\n\t\t\t\t<div class=\"elementor-element elementor-element-f7082d4 elementor-widget elementor-widget-image\" data-id=\"f7082d4\" data-element_type=\"widget\" data-widget_type=\"image.default\">\n\t\t\t\t<div class=\"elementor-widget-container\">\n\t\t\t<style>\/*! elementor - v3.23.0 - 25-07-2024 *\/\n.elementor-widget-image{text-align:center}.elementor-widget-image a{display:inline-block}.elementor-widget-image a img[src$=\".svg\"]{width:48px}.elementor-widget-image img{vertical-align:middle;display:inline-block}<\/style>\t\t\t\t\t\t\t\t\t\t\t<a href=\"https:\/\/madebylenny.de\/en\/budget-und-kosten\/\">\n\t\t\t\t\t\t\t<img fetchpriority=\"high\" decoding=\"async\" width=\"2560\" height=\"1920\" src=\"data:image\/gif;base64,R0lGODlhAQABAIAAAAAAAP\/\/\/yH5BAEAAAAALAAAAAABAAEAAAIBRAA7\" data-src=\"https:\/\/madebylenny.de\/wp-content\/uploads\/2023\/05\/IMG_2193-scaled.jpg\" class=\"elementor-animation-pulse-grow attachment-full size-full wp-image-919 lazyload\" alt=\"\" data-srcset=\"https:\/\/madebylenny.de\/wp-content\/uploads\/2023\/05\/IMG_2193-scaled.jpg 2560w, https:\/\/madebylenny.de\/wp-content\/uploads\/2023\/05\/IMG_2193-300x225.jpg 300w, https:\/\/madebylenny.de\/wp-content\/uploads\/2023\/05\/IMG_2193-1024x768.jpg 1024w, https:\/\/madebylenny.de\/wp-content\/uploads\/2023\/05\/IMG_2193-768x576.jpg 768w, https:\/\/madebylenny.de\/wp-content\/uploads\/2023\/05\/IMG_2193-1536x1152.jpg 1536w, https:\/\/madebylenny.de\/wp-content\/uploads\/2023\/05\/IMG_2193-2048x1536.jpg 2048w, https:\/\/madebylenny.de\/wp-content\/uploads\/2023\/05\/IMG_2193-16x12.jpg 16w, https:\/\/madebylenny.de\/wp-content\/uploads\/2023\/05\/IMG_2193-2000x1500.jpg 2000w\" sizes=\"100vw\" \/><noscript><img decoding=\"async\" width=\"2560\" height=\"1920\" src=\"https:\/\/madebylenny.de\/wp-content\/uploads\/2023\/05\/IMG_2193-scaled.jpg\" class=\"elementor-animation-pulse-grow attachment-full size-full wp-image-919 lazyload\" alt=\"\" srcset=\"https:\/\/madebylenny.de\/wp-content\/uploads\/2023\/05\/IMG_2193-scaled.jpg 2560w, https:\/\/madebylenny.de\/wp-content\/uploads\/2023\/05\/IMG_2193-300x225.jpg 300w, https:\/\/madebylenny.de\/wp-content\/uploads\/2023\/05\/IMG_2193-1024x768.jpg 1024w, https:\/\/madebylenny.de\/wp-content\/uploads\/2023\/05\/IMG_2193-768x576.jpg 768w, https:\/\/madebylenny.de\/wp-content\/uploads\/2023\/05\/IMG_2193-1536x1152.jpg 1536w, https:\/\/madebylenny.de\/wp-content\/uploads\/2023\/05\/IMG_2193-2048x1536.jpg 2048w, https:\/\/madebylenny.de\/wp-content\/uploads\/2023\/05\/IMG_2193-16x12.jpg 16w, https:\/\/madebylenny.de\/wp-content\/uploads\/2023\/05\/IMG_2193-2000x1500.jpg 2000w\" sizes=\"100vw\" \/><\/noscript>\t\t\t\t\t\t\t\t<\/a>\n\t\t\t\t\t\t\t\t\t\t\t\t\t<\/div>\n\t\t\t\t<\/div>\n\t\t\t\t<div class=\"elementor-element elementor-element-eefce65 elementor-widget elementor-widget-text-editor\" data-id=\"eefce65\" data-element_type=\"widget\" data-widget_type=\"text-editor.default\">\n\t\t\t\t<div class=\"elementor-widget-container\">\n\t\t\t\t\t\t\t<p><a href=\"https:\/\/madebylenny.de\/en\/budget-und-kosten\/\"><strong>Budget und Kosten<\/strong><\/a><\/p><p>Nat\u00fcrlich hat jeder ein <strong>individuelles Budget<\/strong>, das vom Reisestil, Dauer der Reise und der Destination abh\u00e4ngig ist. Hier findest du trotzdem ein paar Zahlen, die dir vielleicht helfen.<\/p>\t\t\t\t\t\t<\/div>\n\t\t\t\t<\/div>\n\t\t\t\t<\/div>\n\t\t<div class=\"elementor-element elementor-element-e2cd96c e-con-full e-flex e-con e-parent\" data-id=\"e2cd96c\" data-element_type=\"container\">\n\t\t\t\t<div class=\"elementor-element elementor-element-a8aa296 elementor-widget elementor-widget-image\" data-id=\"a8aa296\" data-element_type=\"widget\" data-widget_type=\"image.default\">\n\t\t\t\t<div class=\"elementor-widget-container\">\n\t\t\t\t\t\t\t\t\t\t\t\t\t\t<a href=\"https:\/\/madebylenny.de\/en\/packliste\/\">\n\t\t\t\t\t\t\t<img decoding=\"async\" width=\"2560\" height=\"1921\" src=\"data:image\/gif;base64,R0lGODlhAQABAIAAAAAAAP\/\/\/yH5BAEAAAAALAAAAAABAAEAAAIBRAA7\" data-src=\"https:\/\/madebylenny.de\/wp-content\/uploads\/2023\/06\/IMG_2615-scaled.jpg\" class=\"elementor-animation-pulse-grow attachment-full size-full wp-image-1055 lazyload\" alt=\"\" data-srcset=\"https:\/\/madebylenny.de\/wp-content\/uploads\/2023\/06\/IMG_2615-scaled.jpg 2560w, https:\/\/madebylenny.de\/wp-content\/uploads\/2023\/06\/IMG_2615-300x225.jpg 300w, https:\/\/madebylenny.de\/wp-content\/uploads\/2023\/06\/IMG_2615-1024x768.jpg 1024w, https:\/\/madebylenny.de\/wp-content\/uploads\/2023\/06\/IMG_2615-768x576.jpg 768w, https:\/\/madebylenny.de\/wp-content\/uploads\/2023\/06\/IMG_2615-1536x1153.jpg 1536w, https:\/\/madebylenny.de\/wp-content\/uploads\/2023\/06\/IMG_2615-2048x1537.jpg 2048w, https:\/\/madebylenny.de\/wp-content\/uploads\/2023\/06\/IMG_2615-16x12.jpg 16w, https:\/\/madebylenny.de\/wp-content\/uploads\/2023\/06\/IMG_2615-2000x1501.jpg 2000w\" sizes=\"100vw\" \/><noscript><img loading=\"lazy\" decoding=\"async\" width=\"2560\" height=\"1921\" src=\"https:\/\/madebylenny.de\/wp-content\/uploads\/2023\/06\/IMG_2615-scaled.jpg\" class=\"elementor-animation-pulse-grow attachment-full size-full wp-image-1055 lazyload\" alt=\"\" srcset=\"https:\/\/madebylenny.de\/wp-content\/uploads\/2023\/06\/IMG_2615-scaled.jpg 2560w, https:\/\/madebylenny.de\/wp-content\/uploads\/2023\/06\/IMG_2615-300x225.jpg 300w, https:\/\/madebylenny.de\/wp-content\/uploads\/2023\/06\/IMG_2615-1024x768.jpg 1024w, https:\/\/madebylenny.de\/wp-content\/uploads\/2023\/06\/IMG_2615-768x576.jpg 768w, https:\/\/madebylenny.de\/wp-content\/uploads\/2023\/06\/IMG_2615-1536x1153.jpg 1536w, https:\/\/madebylenny.de\/wp-content\/uploads\/2023\/06\/IMG_2615-2048x1537.jpg 2048w, https:\/\/madebylenny.de\/wp-content\/uploads\/2023\/06\/IMG_2615-16x12.jpg 16w, https:\/\/madebylenny.de\/wp-content\/uploads\/2023\/06\/IMG_2615-2000x1501.jpg 2000w\" sizes=\"100vw\" \/><\/noscript>\t\t\t\t\t\t\t\t<\/a>\n\t\t\t\t\t\t\t\t\t\t\t\t\t<\/div>\n\t\t\t\t<\/div>\n\t\t\t\t<div class=\"elementor-element elementor-element-76f6219 elementor-widget elementor-widget-text-editor\" data-id=\"76f6219\" data-element_type=\"widget\" data-widget_type=\"text-editor.default\">\n\t\t\t\t<div class=\"elementor-widget-container\">\n\t\t\t\t\t\t\t<p><a href=\"https:\/\/madebylenny.de\/en\/packliste\/\"><strong>Packliste<\/strong><\/a><\/p><p>Egal ob <b>Kleidung<\/b>, n\u00fctzliche <b>Gadgets<\/b> oder wichtige <b>Dokumente<\/b>. Hier findest du alles, was du auf deiner Reise dabei haben solltest.<\/p>\t\t\t\t\t\t<\/div>\n\t\t\t\t<\/div>\n\t\t\t\t<\/div>\n\t\t<div class=\"elementor-element elementor-element-c40708d e-con-full e-flex e-con e-parent\" data-id=\"c40708d\" data-element_type=\"container\">\n\t\t\t\t<div class=\"elementor-element elementor-element-1491de7 elementor-widget elementor-widget-image\" data-id=\"1491de7\" data-element_type=\"widget\" data-widget_type=\"image.default\">\n\t\t\t\t<div class=\"elementor-widget-container\">\n\t\t\t\t\t\t\t\t\t\t\t\t\t\t<a href=\"https:\/\/madebylenny.de\/en\/versicherungen-auf-reisen\/\">\n\t\t\t\t\t\t\t<img loading=\"lazy\" decoding=\"async\" width=\"2560\" height=\"1920\" src=\"data:image\/gif;base64,R0lGODlhAQABAIAAAAAAAP\/\/\/yH5BAEAAAAALAAAAAABAAEAAAIBRAA7\" data-src=\"https:\/\/madebylenny.de\/wp-content\/uploads\/2023\/07\/malediven-scaled.jpg\" class=\"elementor-animation-pulse-grow attachment-full size-full wp-image-1600 lazyload\" alt=\"\" data-srcset=\"https:\/\/madebylenny.de\/wp-content\/uploads\/2023\/07\/malediven-scaled.jpg 2560w, https:\/\/madebylenny.de\/wp-content\/uploads\/2023\/07\/malediven-300x225.jpg 300w, https:\/\/madebylenny.de\/wp-content\/uploads\/2023\/07\/malediven-1024x768.jpg 1024w, https:\/\/madebylenny.de\/wp-content\/uploads\/2023\/07\/malediven-768x576.jpg 768w, https:\/\/madebylenny.de\/wp-content\/uploads\/2023\/07\/malediven-1536x1152.jpg 1536w, https:\/\/madebylenny.de\/wp-content\/uploads\/2023\/07\/malediven-2048x1536.jpg 2048w, https:\/\/madebylenny.de\/wp-content\/uploads\/2023\/07\/malediven-16x12.jpg 16w, https:\/\/madebylenny.de\/wp-content\/uploads\/2023\/07\/malediven-2000x1500.jpg 2000w\" sizes=\"100vw\" \/><noscript><img loading=\"lazy\" decoding=\"async\" width=\"2560\" height=\"1920\" src=\"https:\/\/madebylenny.de\/wp-content\/uploads\/2023\/07\/malediven-scaled.jpg\" class=\"elementor-animation-pulse-grow attachment-full size-full wp-image-1600 lazyload\" alt=\"\" srcset=\"https:\/\/madebylenny.de\/wp-content\/uploads\/2023\/07\/malediven-scaled.jpg 2560w, https:\/\/madebylenny.de\/wp-content\/uploads\/2023\/07\/malediven-300x225.jpg 300w, https:\/\/madebylenny.de\/wp-content\/uploads\/2023\/07\/malediven-1024x768.jpg 1024w, https:\/\/madebylenny.de\/wp-content\/uploads\/2023\/07\/malediven-768x576.jpg 768w, https:\/\/madebylenny.de\/wp-content\/uploads\/2023\/07\/malediven-1536x1152.jpg 1536w, https:\/\/madebylenny.de\/wp-content\/uploads\/2023\/07\/malediven-2048x1536.jpg 2048w, https:\/\/madebylenny.de\/wp-content\/uploads\/2023\/07\/malediven-16x12.jpg 16w, https:\/\/madebylenny.de\/wp-content\/uploads\/2023\/07\/malediven-2000x1500.jpg 2000w\" sizes=\"100vw\" \/><\/noscript>\t\t\t\t\t\t\t\t<\/a>\n\t\t\t\t\t\t\t\t\t\t\t\t\t<\/div>\n\t\t\t\t<\/div>\n\t\t\t\t<div class=\"elementor-element elementor-element-676c363 elementor-widget elementor-widget-text-editor\" data-id=\"676c363\" data-element_type=\"widget\" data-widget_type=\"text-editor.default\">\n\t\t\t\t<div class=\"elementor-widget-container\">\n\t\t\t\t\t\t\t<p><a href=\"https:\/\/madebylenny.de\/en\/versicherungen-auf-reisen\/\"><strong>Auslandskrankenversicherung<\/strong><\/a><\/p><p>Eine\u00a0<strong>Auslandskrankenversicherung<\/strong>\u00a0ist ein absolutes Muss f\u00fcr jede l\u00e4ngere Reise! Wenn du dar\u00fcber mehr Informationen m\u00f6chtest, bist du hier richtig.\u00a0<\/p>\t\t\t\t\t\t<\/div>\n\t\t\t\t<\/div>\n\t\t\t\t<\/div>\n\t\t\t\t<\/div>\n\t\t<div class=\"elementor-element elementor-element-0c686aa e-con-full e-flex e-con e-parent\" data-id=\"0c686aa\" data-element_type=\"container\">\n\t\t<div class=\"elementor-element elementor-element-2133c09 e-con-full e-flex e-con e-parent\" data-id=\"2133c09\" data-element_type=\"container\">\n\t\t\t\t<div class=\"elementor-element elementor-element-d9fc89d elementor-widget elementor-widget-image\" data-id=\"d9fc89d\" data-element_type=\"widget\" data-widget_type=\"image.default\">\n\t\t\t\t<div class=\"elementor-widget-container\">\n\t\t\t\t\t\t\t\t\t\t\t\t\t\t<a href=\"https:\/\/madebylenny.de\/en\/reiseschutzimpfungen\/\">\n\t\t\t\t\t\t\t<img loading=\"lazy\" decoding=\"async\" width=\"1739\" height=\"1305\" src=\"data:image\/gif;base64,R0lGODlhAQABAIAAAAAAAP\/\/\/yH5BAEAAAAALAAAAAABAAEAAAIBRAA7\" data-src=\"https:\/\/madebylenny.de\/wp-content\/uploads\/2023\/06\/IMG_2919.jpg\" class=\"elementor-animation-pulse-grow attachment-full size-full wp-image-1691 lazyload\" alt=\"\" data-srcset=\"https:\/\/madebylenny.de\/wp-content\/uploads\/2023\/06\/IMG_2919.jpg 1739w, https:\/\/madebylenny.de\/wp-content\/uploads\/2023\/06\/IMG_2919-300x225.jpg 300w, https:\/\/madebylenny.de\/wp-content\/uploads\/2023\/06\/IMG_2919-1024x768.jpg 1024w, https:\/\/madebylenny.de\/wp-content\/uploads\/2023\/06\/IMG_2919-768x576.jpg 768w, https:\/\/madebylenny.de\/wp-content\/uploads\/2023\/06\/IMG_2919-1536x1153.jpg 1536w, https:\/\/madebylenny.de\/wp-content\/uploads\/2023\/06\/IMG_2919-16x12.jpg 16w\" sizes=\"100vw\" \/><noscript><img loading=\"lazy\" decoding=\"async\" width=\"1739\" height=\"1305\" src=\"https:\/\/madebylenny.de\/wp-content\/uploads\/2023\/06\/IMG_2919.jpg\" class=\"elementor-animation-pulse-grow attachment-full size-full wp-image-1691 lazyload\" alt=\"\" srcset=\"https:\/\/madebylenny.de\/wp-content\/uploads\/2023\/06\/IMG_2919.jpg 1739w, https:\/\/madebylenny.de\/wp-content\/uploads\/2023\/06\/IMG_2919-300x225.jpg 300w, https:\/\/madebylenny.de\/wp-content\/uploads\/2023\/06\/IMG_2919-1024x768.jpg 1024w, https:\/\/madebylenny.de\/wp-content\/uploads\/2023\/06\/IMG_2919-768x576.jpg 768w, https:\/\/madebylenny.de\/wp-content\/uploads\/2023\/06\/IMG_2919-1536x1153.jpg 1536w, https:\/\/madebylenny.de\/wp-content\/uploads\/2023\/06\/IMG_2919-16x12.jpg 16w\" sizes=\"100vw\" \/><\/noscript>\t\t\t\t\t\t\t\t<\/a>\n\t\t\t\t\t\t\t\t\t\t\t\t\t<\/div>\n\t\t\t\t<\/div>\n\t\t\t\t<div class=\"elementor-element elementor-element-3ccee1a elementor-widget elementor-widget-text-editor\" data-id=\"3ccee1a\" data-element_type=\"widget\" data-widget_type=\"text-editor.default\">\n\t\t\t\t<div class=\"elementor-widget-container\">\n\t\t\t\t\t\t\t<p><a href=\"https:\/\/madebylenny.de\/en\/reiseschutzimpfungen\/\"><strong>Reiseimpfungen<\/strong><\/a><\/p><p>Gerade wenn man f\u00fcr l\u00e4ngere Zeit im Ausland ist, sollte man sich mit diesem Thema auseinander setzen.\u00a0<\/p>\t\t\t\t\t\t<\/div>\n\t\t\t\t<\/div>\n\t\t\t\t<\/div>\n\t\t<div class=\"elementor-element elementor-element-1af68e6 e-con-full e-flex e-con e-parent\" data-id=\"1af68e6\" data-element_type=\"container\">\n\t\t\t\t<div class=\"elementor-element elementor-element-64276f9 elementor-widget elementor-widget-image\" data-id=\"64276f9\" data-element_type=\"widget\" data-widget_type=\"image.default\">\n\t\t\t\t<div class=\"elementor-widget-container\">\n\t\t\t\t\t\t\t\t\t\t\t\t\t\t<a href=\"https:\/\/madebylenny.de\/en\/nuetzliche-apps\/\">\n\t\t\t\t\t\t\t<img loading=\"lazy\" decoding=\"async\" width=\"1170\" height=\"878\" src=\"data:image\/gif;base64,R0lGODlhAQABAIAAAAAAAP\/\/\/yH5BAEAAAAALAAAAAABAAEAAAIBRAA7\" data-src=\"https:\/\/madebylenny.de\/wp-content\/uploads\/2023\/06\/IMG_2918.jpg\" class=\"elementor-animation-pulse-grow attachment-full size-full wp-image-1690 lazyload\" alt=\"\" data-srcset=\"https:\/\/madebylenny.de\/wp-content\/uploads\/2023\/06\/IMG_2918.jpg 1170w, https:\/\/madebylenny.de\/wp-content\/uploads\/2023\/06\/IMG_2918-300x225.jpg 300w, https:\/\/madebylenny.de\/wp-content\/uploads\/2023\/06\/IMG_2918-1024x768.jpg 1024w, https:\/\/madebylenny.de\/wp-content\/uploads\/2023\/06\/IMG_2918-768x576.jpg 768w, https:\/\/madebylenny.de\/wp-content\/uploads\/2023\/06\/IMG_2918-16x12.jpg 16w\" sizes=\"100vw\" \/><noscript><img loading=\"lazy\" decoding=\"async\" width=\"1170\" height=\"878\" src=\"https:\/\/madebylenny.de\/wp-content\/uploads\/2023\/06\/IMG_2918.jpg\" class=\"elementor-animation-pulse-grow attachment-full size-full wp-image-1690 lazyload\" alt=\"\" srcset=\"https:\/\/madebylenny.de\/wp-content\/uploads\/2023\/06\/IMG_2918.jpg 1170w, https:\/\/madebylenny.de\/wp-content\/uploads\/2023\/06\/IMG_2918-300x225.jpg 300w, https:\/\/madebylenny.de\/wp-content\/uploads\/2023\/06\/IMG_2918-1024x768.jpg 1024w, https:\/\/madebylenny.de\/wp-content\/uploads\/2023\/06\/IMG_2918-768x576.jpg 768w, https:\/\/madebylenny.de\/wp-content\/uploads\/2023\/06\/IMG_2918-16x12.jpg 16w\" sizes=\"100vw\" \/><\/noscript>\t\t\t\t\t\t\t\t<\/a>\n\t\t\t\t\t\t\t\t\t\t\t\t\t<\/div>\n\t\t\t\t<\/div>\n\t\t\t\t<div class=\"elementor-element elementor-element-5bc587e elementor-widget elementor-widget-text-editor\" data-id=\"5bc587e\" data-element_type=\"widget\" data-widget_type=\"text-editor.default\">\n\t\t\t\t<div class=\"elementor-widget-container\">\n\t\t\t\t\t\t\t<p><a href=\"https:\/\/madebylenny.de\/en\/nuetzliche-apps\/\"><strong>N\u00fctzliche Apps<\/strong><\/a><\/p><p>Selbst im Ausland hat man sein Handy immer mit dabei. Hier findest du alles zu hilfreichen Apps, die dir deine Reise erleichtern k\u00f6nnen.\u00a0<\/p>\t\t\t\t\t\t<\/div>\n\t\t\t\t<\/div>\n\t\t\t\t<\/div>\n\t\t<div class=\"elementor-element elementor-element-0e3e1e6 e-con-full e-flex e-con e-parent\" data-id=\"0e3e1e6\" data-element_type=\"container\">\n\t\t\t\t<div class=\"elementor-element elementor-element-a41bb09 elementor-widget elementor-widget-image\" data-id=\"a41bb09\" data-element_type=\"widget\" data-widget_type=\"image.default\">\n\t\t\t\t<div class=\"elementor-widget-container\">\n\t\t\t\t\t\t\t\t\t\t\t\t\t\t<a href=\"https:\/\/madebylenny.de\/en\/ueber-mich\/\">\n\t\t\t\t\t\t\t<img loading=\"lazy\" decoding=\"async\" width=\"2560\" height=\"1920\" src=\"data:image\/gif;base64,R0lGODlhAQABAIAAAAAAAP\/\/\/yH5BAEAAAAALAAAAAABAAEAAAIBRAA7\" data-src=\"https:\/\/madebylenny.de\/wp-content\/uploads\/2023\/06\/GPTempDownload567-scaled.jpg\" class=\"elementor-animation-pulse-grow attachment-full size-full wp-image-1439 lazyload\" alt=\"\" data-srcset=\"https:\/\/madebylenny.de\/wp-content\/uploads\/2023\/06\/GPTempDownload567-scaled.jpg 2560w, https:\/\/madebylenny.de\/wp-content\/uploads\/2023\/06\/GPTempDownload567-300x225.jpg 300w, https:\/\/madebylenny.de\/wp-content\/uploads\/2023\/06\/GPTempDownload567-1024x768.jpg 1024w, https:\/\/madebylenny.de\/wp-content\/uploads\/2023\/06\/GPTempDownload567-768x576.jpg 768w, https:\/\/madebylenny.de\/wp-content\/uploads\/2023\/06\/GPTempDownload567-1536x1152.jpg 1536w, https:\/\/madebylenny.de\/wp-content\/uploads\/2023\/06\/GPTempDownload567-2048x1536.jpg 2048w, https:\/\/madebylenny.de\/wp-content\/uploads\/2023\/06\/GPTempDownload567-16x12.jpg 16w, https:\/\/madebylenny.de\/wp-content\/uploads\/2023\/06\/GPTempDownload567-2000x1500.jpg 2000w\" sizes=\"100vw\" \/><noscript><img loading=\"lazy\" decoding=\"async\" width=\"2560\" height=\"1920\" src=\"https:\/\/madebylenny.de\/wp-content\/uploads\/2023\/06\/GPTempDownload567-scaled.jpg\" class=\"elementor-animation-pulse-grow attachment-full size-full wp-image-1439 lazyload\" alt=\"\" srcset=\"https:\/\/madebylenny.de\/wp-content\/uploads\/2023\/06\/GPTempDownload567-scaled.jpg 2560w, https:\/\/madebylenny.de\/wp-content\/uploads\/2023\/06\/GPTempDownload567-300x225.jpg 300w, https:\/\/madebylenny.de\/wp-content\/uploads\/2023\/06\/GPTempDownload567-1024x768.jpg 1024w, https:\/\/madebylenny.de\/wp-content\/uploads\/2023\/06\/GPTempDownload567-768x576.jpg 768w, https:\/\/madebylenny.de\/wp-content\/uploads\/2023\/06\/GPTempDownload567-1536x1152.jpg 1536w, https:\/\/madebylenny.de\/wp-content\/uploads\/2023\/06\/GPTempDownload567-2048x1536.jpg 2048w, https:\/\/madebylenny.de\/wp-content\/uploads\/2023\/06\/GPTempDownload567-16x12.jpg 16w, https:\/\/madebylenny.de\/wp-content\/uploads\/2023\/06\/GPTempDownload567-2000x1500.jpg 2000w\" sizes=\"100vw\" \/><\/noscript>\t\t\t\t\t\t\t\t<\/a>\n\t\t\t\t\t\t\t\t\t\t\t\t\t<\/div>\n\t\t\t\t<\/div>\n\t\t\t\t<div class=\"elementor-element elementor-element-243d358 elementor-widget elementor-widget-text-editor\" data-id=\"243d358\" data-element_type=\"widget\" data-widget_type=\"text-editor.default\">\n\t\t\t\t<div class=\"elementor-widget-container\">\n\t\t\t\t\t\t\t<p><a href=\"https:\/\/madebylenny.de\/en\/ueber-mich\/\"><strong>\u00dcber Mich<\/strong><\/a><\/p><p>Wenn du wissen m\u00f6chtest, wer hinter diesem Blog steckt, kannst du hier nachlesen.<\/p>\t\t\t\t\t\t<\/div>\n\t\t\t\t<\/div>\n\t\t\t\t<\/div>\n\t\t\t\t<\/div>\n\t\t\t\t<\/div>","protected":false},"excerpt":{"rendered":"<p>Wie plane ich meine Reise? Wie plane ich meine Reise? Es ist egal ob du gleich eine ganze Weltreise, oder nur wenige Wochen im Ausland planst. Du hast dir bei deiner Planung sicher schon ein paar Fragen gestellt:\u00a0 Was soll meine Reise kosten und wie ermittle ich mein Budget? Welche Dokumente brauche ich? Ist eine &hellip; <\/p>\n<p class=\"link-more\"><a href=\"https:\/\/madebylenny.de\/en\/reiseplanung\/\" class=\"more-link\">Read more<span class=\"screen-reader-text\"> &#8222;Reiseplanung&#8220;<\/span><\/a><\/p>","protected":false},"author":1,"featured_media":0,"parent":0,"menu_order":0,"comment_status":"closed","ping_status":"closed","template":"elementor_header_footer","meta":{"_monsterinsights_skip_tracking":false,"_monsterinsights_sitenote_active":false,"_monsterinsights_sitenote_note":"","_monsterinsights_sitenote_category":0,"_themeisle_gutenberg_block_has_review":false,"footnotes":""},"class_list":["post-1685","page","type-page","status-publish","hentry"],"aioseo_notices":[],"_links":{"self":[{"href":"https:\/\/madebylenny.de\/en\/wp-json\/wp\/v2\/pages\/1685","targetHints":{"allow":["GET"]}}],"collection":[{"href":"https:\/\/madebylenny.de\/en\/wp-json\/wp\/v2\/pages"}],"about":[{"href":"https:\/\/madebylenny.de\/en\/wp-json\/wp\/v2\/types\/page"}],"author":[{"embeddable":true,"href":"https:\/\/madebylenny.de\/en\/wp-json\/wp\/v2\/users\/1"}],"replies":[{"embeddable":true,"href":"https:\/\/madebylenny.de\/en\/wp-json\/wp\/v2\/comments?post=1685"}],"version-history":[{"count":39,"href":"https:\/\/madebylenny.de\/en\/wp-json\/wp\/v2\/pages\/1685\/revisions"}],"predecessor-version":[{"id":2001,"href":"https:\/\/madebylenny.de\/en\/wp-json\/wp\/v2\/pages\/1685\/revisions\/2001"}],"wp:attachment":[{"href":"https:\/\/madebylenny.de\/en\/wp-json\/wp\/v2\/media?parent=1685"}],"curies":[{"name":"wp","href":"https:\/\/api.w.org\/{rel}","templated":true}]}}